{"id":24217,"date":"2020-08-27T08:23:10","date_gmt":"2020-08-27T06:23:10","guid":{"rendered":"https:\/\/escapestudio.lu\/privacy-policy\/"},"modified":"2022-09-14T16:19:03","modified_gmt":"2022-09-14T14:19:03","slug":"privacy-policy","status":"publish","type":"page","link":"https:\/\/escapestudio.lu\/en\/privacy-policy\/","title":{"rendered":"Privacy Policy"},"content":{"rendered":"\t\t<div data-elementor-type=\"wp-page\" data-elementor-id=\"24217\" class=\"elementor elementor-24217 elementor-12954\">\n\t\t\t\t\t\t<section class=\"elementor-section elementor-top-section elementor-element elementor-element-2b1184b0 elementor-section-boxed elementor-section-height-default elementor-section-height-default sc_fly_static\" data-id=\"2b1184b0\" data-element_type=\"section\" data-settings=\"{&quot;background_background&quot;:&quot;classic&quot;}\">\n\t\t\t\t\t\t<div class=\"elementor-container elementor-column-gap-extended\">\n\t\t\t\t\t<div class=\"elementor-column elementor-col-100 elementor-top-column elementor-element elementor-element-153e1c19 sc_inner_width_none sc_content_align_inherit sc_layouts_column_icons_position_left sc_fly_static\" data-id=\"153e1c19\" data-element_type=\"column\">\n\t\t\t<div class=\"elementor-widget-wrap elementor-element-populated\">\n\t\t\t\t\t\t<div class=\"elementor-element elementor-element-f2cb846 sc_fly_static elementor-widget elementor-widget-heading\" data-id=\"f2cb846\" data-element_type=\"widget\" data-widget_type=\"heading.default\">\n\t\t\t\t<div class=\"elementor-widget-container\">\n\t\t\t\t\t<h2 class=\"elementor-heading-title elementor-size-default\">Privacy policy<\/h2>\t\t\t\t<\/div>\n\t\t\t\t<\/div>\n\t\t\t\t<div class=\"elementor-element elementor-element-e5147b5 sc_fly_static elementor-widget elementor-widget-spacer\" data-id=\"e5147b5\" data-element_type=\"widget\" data-widget_type=\"spacer.default\">\n\t\t\t\t<div class=\"elementor-widget-container\">\n\t\t\t\t\t\t\t<div class=\"elementor-spacer\">\n\t\t\t<div class=\"elementor-spacer-inner\"><\/div>\n\t\t<\/div>\n\t\t\t\t\t\t<\/div>\n\t\t\t\t<\/div>\n\t\t\t\t<div class=\"elementor-element elementor-element-54db29de sc_fly_static elementor-widget elementor-widget-text-editor\" data-id=\"54db29de\" data-element_type=\"widget\" data-widget_type=\"text-editor.default\">\n\t\t\t\t<div class=\"elementor-widget-container\">\n\t\t\t\t\t\t\t\t\t<p style=\"font-weight: 400;\">En vous connectant ou en consultant le site internet escapestudio.lu, vous reconnaissez avoir lu, compris et accept\u00e9, sans limitation ni r\u00e9serve, notre politique de confidentialit\u00e9 sur la protection des donn\u00e9es \u00e0 caract\u00e8re personnel.<\/p>\n<p style=\"font-weight: 400;\">Cette politique vise \u00e0 vous informer des droits et libert\u00e9s que vous pouvez faire valoir \u00e0 l\u2019\u00e9gard de notre utilisation de vos donn\u00e9es personnelles et d\u00e9crit les mesures que nous mettons en \u0153uvre afin de les prot\u00e9ger.<\/p>\n<p style=\"font-weight: 400;\">ESCAPE S.\u00e0r.l.-S est responsable des traitements de donn\u00e9es personnelles relatifs \u00e0 la gestion du site internet. Ce traitement est mis en \u0153uvre conform\u00e9ment \u00e0 la r\u00e9glementation en vigueur.<\/p>\n<p style=\"font-weight: 400;\">\n<ol>\n<li style=\"font-weight: 400;\"><strong> IDENTIFICATION<\/strong><\/li>\n<\/ol>\n<p style=\"font-weight: 400;\">Ce site web est op\u00e9r\u00e9 par la S.\u00e0r.l.-S ESCAPE \u00e9tablie et ayant son si\u00e8ge social \u00e0 L-8530 Ell (Luxembourg), 15, R\u00e9idenerstroooss; immatricul\u00e9e au Registre de Commerce et des Soci\u00e9t\u00e9s de Luxembourg sous le num\u00e9ro B268513.<\/p>\n<p style=\"font-weight: 400;\"><strong>RCS Luxembourg<\/strong> : B268513<\/p>\n<p style=\"font-weight: 400;\"><strong>Autorisation d\u2019\u00e9tablissement<\/strong> : 10142851\/0<\/p>\n<p style=\"font-weight: 400;\"><strong>Contact <\/strong>: <u><a href=\"mailto:info@escapestudio.lu\">info@escapestudio.lu<\/a><\/u><\/p>\n<p style=\"font-weight: 400;\"><strong>Conception, design et d\u00e9veloppement<\/strong> <strong>du site internet<\/strong>: Planinlux S.\u00e0r.l.-S<\/p>\n<p style=\"font-weight: 400;\">\n<p style=\"font-weight: 400;\">\n<ol start=\"2\">\n<li style=\"font-weight: 400;\"><strong> FINALIT\u00c9 DU TRAITEMENT ET TYPES DE DONN\u00c9ES COLLECT\u00c9ES<\/strong><\/li>\n<\/ol>\n<p style=\"font-weight: 400;\">\n<p style=\"font-weight: 400;\">Des donn\u00e9es \u00e0 caract\u00e8re personnel sont collect\u00e9es lors de la prise de contact avec nos services (par exemple via le formulaire de contact ou par e-mail). Les donn\u00e9es collect\u00e9es par le biais du formulaire de contact peuvent \u00eatre consult\u00e9es \u00e0 partir de ce m\u00eame formulaire. Ces donn\u00e9es sont enregistr\u00e9es et utilis\u00e9es dans le seul but de r\u00e9pondre \u00e0 votre demande et pour permettre la prise de contact ainsi que l\u2019administration technique correspondante. Le traitement des donn\u00e9es est effectu\u00e9, le cas \u00e9ch\u00e9ant, conform\u00e9ment aux dispositions de l\u2019article 6, paragraphe 1, point f) RGPD sur la base de notre int\u00e9r\u00eat l\u00e9gitime \u00e0 r\u00e9pondre \u00e0 votre demande. Vos donn\u00e9es personnelles sont uniquement conserv\u00e9es pendant la dur\u00e9e n\u00e9cessaire \u00e0 la r\u00e9alisation de ces finalit\u00e9s.<\/p>\n<p style=\"font-weight: 400;\">En outre, si votre prise de contact a pour objet la conclusion d\u2019un contrat, le traitement de vos donn\u00e9es sera effectu\u00e9 sur le fondement de l\u2019article 6, paragraphe 1, point b) RGPD.<\/p>\n<p style=\"font-weight: 400;\">\n<p style=\"font-weight: 400;\">Ce site web utilise le cryptage SSL (Secure Socket Layer) pour des raisons de s\u00e9curit\u00e9 et pour prot\u00e9ger la transmission de donn\u00e9es personnelles ainsi que d\u2019autres contenus confidentiels (comme par exemple les commandes ou les demandes de renseignements). Vous pouvez reconna\u00eetre une connexion crypt\u00e9e par la cha\u00eene de caract\u00e8res \u201chttps:\/\/\u201d et\/ou au symbole du cadenas dans la barre de navigation.<\/p>\n<p style=\"font-weight: 400;\">\n<ol start=\"3\">\n<li style=\"font-weight: 400;\"><strong> CARACT\u00c8RE OBLIGATOIRE OU OPTIONNEL DES INFORMATIONS FOURNIES PAR L\u2019UTILISATEUR<\/strong><\/li>\n<\/ol>\n<p style=\"font-weight: 400;\">En cochant les cases correspondantes et en entrant les donn\u00e9es dans les champs, dans les diff\u00e9rents formulaires disponibles sur le site, vous acceptez librement et sans \u00e9quivoque que vos donn\u00e9es soient n\u00e9cessaires pour r\u00e9pondre \u00e0 votre demande. Vous garantissez que les donn\u00e9es personnelles fournies \u00e0 ESCAPE soient \u00ab vraies \u00bb et \u00cates responsable de la communication de toute modification de celles- ci.<\/p>\n<p style=\"font-weight: 400;\">\n<ol start=\"4\">\n<li style=\"font-weight: 400;\"><strong> DESTINATAIRES DES DONN\u00c9ES<\/strong><\/li>\n<\/ol>\n<p style=\"font-weight: 400;\">Vos donn\u00e9es personnelles sont susceptibles d\u2019\u00eatre communiqu\u00e9es exclusivement \u00e0 certains d\u00e9partements du responsable du traitement ou de ses filiales d\u00e9tenues directement ou indirectement, ainsi qu\u2019\u00e0 certains partenaires, distributeurs ind\u00e9pendants ou sous-traitants \u00e0 des fins d\u2019analyses et d\u2019enqu\u00eates.<\/p>\n<p style=\"font-weight: 400;\">\n<ol start=\"5\">\n<li style=\"font-weight: 400;\"><strong> S\u00c9CURIT\u00c9 ET CONFIDENTIALIT\u00c9 DE VOS DONN\u00c9ES<\/strong><\/li>\n<\/ol>\n<p style=\"font-weight: 400;\">ESCAPE S.\u00e0r.l.-S met tout en \u0153uvre des mesures appropri\u00e9es pour pr\u00e9server la s\u00e9curit\u00e9 et la confidentialit\u00e9 de vos donn\u00e9es personnelles et, notamment, pour emp\u00eacher qu\u2019elles soient d\u00e9form\u00e9es, endommag\u00e9es, ou que des tiers non autoris\u00e9s y aient acc\u00e8s.<\/p>\n<p style=\"font-weight: 400;\">\n<ol start=\"6\">\n<li style=\"font-weight: 400;\"><strong> GESTION DES COOKIES<\/strong><\/li>\n<\/ol>\n<p style=\"font-weight: 400;\">ESCAPE S.\u00e0r.l.-S dispose de cookies sur son site internet.<\/p>\n<p style=\"font-weight: 400;\">Un cookie est un fichier qui permet d\u2019enregistrer des informations relatives \u00e0 la navigation de votre ordinateur sur le site internet (ex. nombres de visites, nombre de pages vues\u2026) et permet notamment de faciliter vos visites sur le site.<\/p>\n<p style=\"font-weight: 400;\">Vous pouvez \u00e0 tout moment supprimer les cookies install\u00e9s sur votre ordinateur, vous opposer \u00e0 l\u2019enregistrement de nouveaux cookies et recevoir une notification avant l\u2019installation d\u2019un nouveau cookie en configurant votre outil de navigation.<\/p>\n<p style=\"font-weight: 400;\">Veuillez noter que si vous d\u00e9sinstallez un cookie ou si vous vous opposez \u00e0 l\u2019installation de cookies sur votre machine, vous risquez de ne pas \u00eatre en mesure de b\u00e9n\u00e9ficier de certains des services du site internet.<\/p>\n<p style=\"font-weight: 400;\">La finalit\u00e9 unique de ces cookies est d\u2019am\u00e9liorer notre site en facilitant votre exp\u00e9rience utilisateur. Nous sauvegardons ainsi : les pages visit\u00e9es et un enregistrement de votre parcours sur nos pages. Les informations collect\u00e9es n\u2019ont pas pour but de vous identifier.<\/p>\n<p style=\"font-weight: 400;\">\n<p style=\"font-weight: 400;\">\n<ol start=\"7\">\n<li style=\"font-weight: 400;\"><strong> VOS DROITS<\/strong><\/li>\n<\/ol>\n<p style=\"font-weight: 400;\">Conform\u00e9ment \u00e0 la r\u00e9glementation en vigueur, vous disposez d\u2019un droit d\u2019acc\u00e8s, d\u2019interrogation, de modification, de rectification, de suppression et d\u2019opposition pour motifs l\u00e9gitimes au traitement et \u00e0 la diffusion de vos donn\u00e9es personnelles. Vous disposez \u00e9galement d\u2019un droit d\u2019opposition, de consentement pr\u00e9alable \u00e0 la prospection commerciale dans les conditions de la r\u00e9glementation applicable et de d\u00e9finir des directives relatives au sort de vos donn\u00e9es \u00e0 caract\u00e8re personnel apr\u00e8s votre d\u00e9c\u00e8s. Vous pouvez demander la communication de vos donn\u00e9es personnelles. Le responsable des traitements se r\u00e9serve toutefois le droit de refuser toute demande qui serait consid\u00e9r\u00e9e comme abusive.<\/p>\n<p style=\"font-weight: 400;\">Veuillez adresser votre demande par mail \u00e0 notre Data Protection Officer (DPO) <u><a href=\"mailto:info@escapestudio.lu\">info@escapestudio.lu<\/a><\/u> ou par courrier postal \u00e0 l\u2019adresse suivante :<\/p>\n<p style=\"font-weight: 400;\">15 R\u00e9idenerstroooss, L-8530 Ell (Luxembourg)<\/p>\n\t\t\t\t\t\t\t\t<\/div>\n\t\t\t\t<\/div>\n\t\t\t\t\t<\/div>\n\t\t<\/div>\n\t\t\t\t\t<\/div>\n\t\t<\/section>\n\t\t\t\t<section class=\"elementor-section elementor-top-section elementor-element elementor-element-7ef86bc8 elementor-section-boxed elementor-section-height-default elementor-section-height-default sc_fly_static\" data-id=\"7ef86bc8\" data-element_type=\"section\">\n\t\t\t\t\t\t<div class=\"elementor-container elementor-column-gap-extended\">\n\t\t\t\t\t<div class=\"elementor-column elementor-col-100 elementor-top-column elementor-element elementor-element-19372eea sc_inner_width_none sc_content_align_inherit sc_layouts_column_icons_position_left sc_fly_static\" data-id=\"19372eea\" data-element_type=\"column\">\n\t\t\t<div class=\"elementor-widget-wrap elementor-element-populated\">\n\t\t\t\t\t\t<div class=\"elementor-element elementor-element-690b98ed sc_fly_static elementor-widget elementor-widget-spacer\" data-id=\"690b98ed\" data-element_type=\"widget\" data-widget_type=\"spacer.default\">\n\t\t\t\t<div class=\"elementor-widget-container\">\n\t\t\t\t\t\t\t<div class=\"elementor-spacer\">\n\t\t\t<div class=\"elementor-spacer-inner\"><\/div>\n\t\t<\/div>\n\t\t\t\t\t\t<\/div>\n\t\t\t\t<\/div>\n\t\t\t\t\t<\/div>\n\t\t<\/div>\n\t\t\t\t\t<\/div>\n\t\t<\/section>\n\t\t\t\t<\/div>\n\t\t","protected":false},"excerpt":{"rendered":"<p>Privacy policy En vous connectant ou en consultant le site internet escapestudio.lu, vous reconnaissez avoir lu, compris et accept\u00e9, sans limitation ni r\u00e9serve, notre politique de confidentialit\u00e9 sur la protection&hellip;<\/p>\n","protected":false},"author":4,"featured_media":0,"parent":0,"menu_order":0,"comment_status":"closed","ping_status":"closed","template":"","meta":{"footnotes":""},"class_list":["post-24217","page","type-page","status-publish","hentry"],"yoast_head":"<!-- This site is optimized with the Yoast SEO plugin v24.3 - https:\/\/yoast.com\/wordpress\/plugins\/seo\/ -->\n<title>Privacy Policy - ESCAPE<\/title>\n<meta name=\"robots\" content=\"index, nofollow, max-snippet:-1, max-image-preview:large, max-video-preview:-1\" \/>\n<link rel=\"canonical\" href=\"https:\/\/escapestudio.lu\/en\/privacy-policy\/\" \/>\n<meta property=\"og:locale\" content=\"en_US\" \/>\n<meta property=\"og:type\" content=\"article\" \/>\n<meta property=\"og:title\" content=\"Privacy Policy - ESCAPE\" \/>\n<meta property=\"og:description\" content=\"Privacy policy En vous connectant ou en consultant le site internet escapestudio.lu, vous reconnaissez avoir lu, compris et accept\u00e9, sans limitation ni r\u00e9serve, notre politique de confidentialit\u00e9 sur la protection&hellip;\" \/>\n<meta property=\"og:url\" content=\"https:\/\/escapestudio.lu\/en\/privacy-policy\/\" \/>\n<meta property=\"og:site_name\" content=\"ESCAPE\" \/>\n<meta property=\"article:publisher\" content=\"https:\/\/www.facebook.com\/escape.lux.16\" \/>\n<meta property=\"article:modified_time\" content=\"2022-09-14T14:19:03+00:00\" \/>\n<meta name=\"twitter:card\" content=\"summary_large_image\" \/>\n<meta name=\"twitter:label1\" content=\"Est. reading time\" \/>\n\t<meta name=\"twitter:data1\" content=\"5 minutes\" \/>\n<script type=\"application\/ld+json\" class=\"yoast-schema-graph\">{\"@context\":\"https:\/\/schema.org\",\"@graph\":[{\"@type\":\"WebPage\",\"@id\":\"https:\/\/escapestudio.lu\/en\/privacy-policy\/\",\"url\":\"https:\/\/escapestudio.lu\/en\/privacy-policy\/\",\"name\":\"Privacy Policy - ESCAPE\",\"isPartOf\":{\"@id\":\"https:\/\/escapestudio.lu\/en\/#website\"},\"datePublished\":\"2020-08-27T06:23:10+00:00\",\"dateModified\":\"2022-09-14T14:19:03+00:00\",\"breadcrumb\":{\"@id\":\"https:\/\/escapestudio.lu\/en\/privacy-policy\/#breadcrumb\"},\"inLanguage\":\"en-US\",\"potentialAction\":[{\"@type\":\"ReadAction\",\"target\":[\"https:\/\/escapestudio.lu\/en\/privacy-policy\/\"]}]},{\"@type\":\"BreadcrumbList\",\"@id\":\"https:\/\/escapestudio.lu\/en\/privacy-policy\/#breadcrumb\",\"itemListElement\":[{\"@type\":\"ListItem\",\"position\":1,\"name\":\"Portada\",\"item\":\"https:\/\/escapestudio.lu\/en\/\"},{\"@type\":\"ListItem\",\"position\":2,\"name\":\"Privacy Policy\"}]},{\"@type\":\"WebSite\",\"@id\":\"https:\/\/escapestudio.lu\/en\/#website\",\"url\":\"https:\/\/escapestudio.lu\/en\/\",\"name\":\"ESCAPE\",\"description\":\"Studio de Massages &agrave; Redange (Luxembourg)\",\"publisher\":{\"@id\":\"https:\/\/escapestudio.lu\/en\/#organization\"},\"potentialAction\":[{\"@type\":\"SearchAction\",\"target\":{\"@type\":\"EntryPoint\",\"urlTemplate\":\"https:\/\/escapestudio.lu\/en\/?s={search_term_string}\"},\"query-input\":{\"@type\":\"PropertyValueSpecification\",\"valueRequired\":true,\"valueName\":\"search_term_string\"}}],\"inLanguage\":\"en-US\"},{\"@type\":\"Organization\",\"@id\":\"https:\/\/escapestudio.lu\/en\/#organization\",\"name\":\"ESCAPE\",\"url\":\"https:\/\/escapestudio.lu\/en\/\",\"logo\":{\"@type\":\"ImageObject\",\"inLanguage\":\"en-US\",\"@id\":\"https:\/\/escapestudio.lu\/en\/#\/schema\/logo\/image\/\",\"url\":\"https:\/\/escapestudio.lu\/wp-content\/uploads\/2022\/06\/cropped-YDRAY-Escape_Logo-1.png\",\"contentUrl\":\"https:\/\/escapestudio.lu\/wp-content\/uploads\/2022\/06\/cropped-YDRAY-Escape_Logo-1.png\",\"width\":6116,\"height\":4382,\"caption\":\"ESCAPE\"},\"image\":{\"@id\":\"https:\/\/escapestudio.lu\/en\/#\/schema\/logo\/image\/\"},\"sameAs\":[\"https:\/\/www.facebook.com\/escape.lux.16\",\"https:\/\/www.instagram.com\/escapestudiolux\/\"]}]}<\/script>\n<!-- \/ Yoast SEO plugin. -->","yoast_head_json":{"title":"Privacy Policy - ESCAPE","robots":{"index":"index","follow":"nofollow","max-snippet":"max-snippet:-1","max-image-preview":"max-image-preview:large","max-video-preview":"max-video-preview:-1"},"canonical":"https:\/\/escapestudio.lu\/en\/privacy-policy\/","og_locale":"en_US","og_type":"article","og_title":"Privacy Policy - ESCAPE","og_description":"Privacy policy En vous connectant ou en consultant le site internet escapestudio.lu, vous reconnaissez avoir lu, compris et accept\u00e9, sans limitation ni r\u00e9serve, notre politique de confidentialit\u00e9 sur la protection&hellip;","og_url":"https:\/\/escapestudio.lu\/en\/privacy-policy\/","og_site_name":"ESCAPE","article_publisher":"https:\/\/www.facebook.com\/escape.lux.16","article_modified_time":"2022-09-14T14:19:03+00:00","twitter_card":"summary_large_image","twitter_misc":{"Est. reading time":"5 minutes"},"schema":{"@context":"https:\/\/schema.org","@graph":[{"@type":"WebPage","@id":"https:\/\/escapestudio.lu\/en\/privacy-policy\/","url":"https:\/\/escapestudio.lu\/en\/privacy-policy\/","name":"Privacy Policy - ESCAPE","isPartOf":{"@id":"https:\/\/escapestudio.lu\/en\/#website"},"datePublished":"2020-08-27T06:23:10+00:00","dateModified":"2022-09-14T14:19:03+00:00","breadcrumb":{"@id":"https:\/\/escapestudio.lu\/en\/privacy-policy\/#breadcrumb"},"inLanguage":"en-US","potentialAction":[{"@type":"ReadAction","target":["https:\/\/escapestudio.lu\/en\/privacy-policy\/"]}]},{"@type":"BreadcrumbList","@id":"https:\/\/escapestudio.lu\/en\/privacy-policy\/#breadcrumb","itemListElement":[{"@type":"ListItem","position":1,"name":"Portada","item":"https:\/\/escapestudio.lu\/en\/"},{"@type":"ListItem","position":2,"name":"Privacy Policy"}]},{"@type":"WebSite","@id":"https:\/\/escapestudio.lu\/en\/#website","url":"https:\/\/escapestudio.lu\/en\/","name":"ESCAPE","description":"Studio de Massages &agrave; Redange (Luxembourg)","publisher":{"@id":"https:\/\/escapestudio.lu\/en\/#organization"},"potentialAction":[{"@type":"SearchAction","target":{"@type":"EntryPoint","urlTemplate":"https:\/\/escapestudio.lu\/en\/?s={search_term_string}"},"query-input":{"@type":"PropertyValueSpecification","valueRequired":true,"valueName":"search_term_string"}}],"inLanguage":"en-US"},{"@type":"Organization","@id":"https:\/\/escapestudio.lu\/en\/#organization","name":"ESCAPE","url":"https:\/\/escapestudio.lu\/en\/","logo":{"@type":"ImageObject","inLanguage":"en-US","@id":"https:\/\/escapestudio.lu\/en\/#\/schema\/logo\/image\/","url":"https:\/\/escapestudio.lu\/wp-content\/uploads\/2022\/06\/cropped-YDRAY-Escape_Logo-1.png","contentUrl":"https:\/\/escapestudio.lu\/wp-content\/uploads\/2022\/06\/cropped-YDRAY-Escape_Logo-1.png","width":6116,"height":4382,"caption":"ESCAPE"},"image":{"@id":"https:\/\/escapestudio.lu\/en\/#\/schema\/logo\/image\/"},"sameAs":["https:\/\/www.facebook.com\/escape.lux.16","https:\/\/www.instagram.com\/escapestudiolux\/"]}]}},"_links":{"self":[{"href":"https:\/\/escapestudio.lu\/en\/wp-json\/wp\/v2\/pages\/24217","targetHints":{"allow":["GET"]}}],"collection":[{"href":"https:\/\/escapestudio.lu\/en\/wp-json\/wp\/v2\/pages"}],"about":[{"href":"https:\/\/escapestudio.lu\/en\/wp-json\/wp\/v2\/types\/page"}],"author":[{"embeddable":true,"href":"https:\/\/escapestudio.lu\/en\/wp-json\/wp\/v2\/users\/4"}],"replies":[{"embeddable":true,"href":"https:\/\/escapestudio.lu\/en\/wp-json\/wp\/v2\/comments?post=24217"}],"version-history":[{"count":0,"href":"https:\/\/escapestudio.lu\/en\/wp-json\/wp\/v2\/pages\/24217\/revisions"}],"wp:attachment":[{"href":"https:\/\/escapestudio.lu\/en\/wp-json\/wp\/v2\/media?parent=24217"}],"curies":[{"name":"wp","href":"https:\/\/api.w.org\/{rel}","templated":true}]}}